{"id":1806,"date":"2024-04-21T14:27:08","date_gmt":"2024-04-21T12:27:08","guid":{"rendered":"https:\/\/rod-bazant.pl\/?page_id=1806"},"modified":"2024-04-21T15:38:05","modified_gmt":"2024-04-21T13:38:05","slug":"wzory-wnioskow-i-drukow","status":"publish","type":"page","link":"https:\/\/rod-bazant.pl\/?page_id=1806","title":{"rendered":"Wzory wniosk\u00f3w i druk\u00f3w"},"content":{"rendered":"\t\t<div data-elementor-type=\"wp-page\" data-elementor-id=\"1806\" class=\"elementor elementor-1806\">\n\t\t\t\t<div class=\"elementor-element elementor-element-206ff8d e-flex e-con-boxed e-con e-parent\" data-id=\"206ff8d\" data-element_type=\"container\" data-e-type=\"container\">\n\t\t\t\t\t<div class=\"e-con-inner\">\n\t\t\t\t<div class=\"elementor-element elementor-element-2e38fe3 elementor-widget elementor-widget-image\" data-id=\"2e38fe3\" data-element_type=\"widget\" data-e-type=\"widget\" data-widget_type=\"image.default\">\n\t\t\t\t<div class=\"elementor-widget-container\">\n\t\t\t\t\t\t\t\t\t\t\t\t\t\t\t<img fetchpriority=\"high\" decoding=\"async\" width=\"263\" height=\"196\" src=\"https:\/\/rod-bazant.pl\/wp-content\/uploads\/2022\/10\/Logo.jpg\" class=\"attachment-large size-large wp-image-1157\" alt=\"\" \/>\t\t\t\t\t\t\t\t\t\t\t\t\t\t\t<\/div>\n\t\t\t\t<\/div>\n\t\t\t\t\t<\/div>\n\t\t\t\t<\/div>\n\t\t<div class=\"elementor-element elementor-element-921cc21 e-flex e-con-boxed e-con e-parent\" data-id=\"921cc21\" data-element_type=\"container\" data-e-type=\"container\">\n\t\t\t\t\t<div class=\"e-con-inner\">\n\t\t\t\t<div class=\"elementor-element elementor-element-623d5b2 elementor-widget elementor-widget-image\" data-id=\"623d5b2\" data-element_type=\"widget\" data-e-type=\"widget\" data-widget_type=\"image.default\">\n\t\t\t\t<div class=\"elementor-widget-container\">\n\t\t\t\t\t\t\t\t\t\t\t\t\t\t\t<img decoding=\"async\" width=\"640\" height=\"54\" src=\"https:\/\/rod-bazant.pl\/wp-content\/uploads\/2022\/10\/75de4d08-1b97-43fd-b676-8eb3dd98e8bc-1024x86.png\" class=\"attachment-large size-large wp-image-1209\" alt=\"\" srcset=\"https:\/\/rod-bazant.pl\/wp-content\/uploads\/2022\/10\/75de4d08-1b97-43fd-b676-8eb3dd98e8bc-1024x86.png 1024w, https:\/\/rod-bazant.pl\/wp-content\/uploads\/2022\/10\/75de4d08-1b97-43fd-b676-8eb3dd98e8bc-300x25.png 300w, https:\/\/rod-bazant.pl\/wp-content\/uploads\/2022\/10\/75de4d08-1b97-43fd-b676-8eb3dd98e8bc-768x64.png 768w, https:\/\/rod-bazant.pl\/wp-content\/uploads\/2022\/10\/75de4d08-1b97-43fd-b676-8eb3dd98e8bc-1536x128.png 1536w, https:\/\/rod-bazant.pl\/wp-content\/uploads\/2022\/10\/75de4d08-1b97-43fd-b676-8eb3dd98e8bc-2048x171.png 2048w, https:\/\/rod-bazant.pl\/wp-content\/uploads\/2022\/10\/75de4d08-1b97-43fd-b676-8eb3dd98e8bc-604x51.png 604w\" sizes=\"(max-width: 640px) 100vw, 640px\" \/>\t\t\t\t\t\t\t\t\t\t\t\t\t\t\t<\/div>\n\t\t\t\t<\/div>\n\t\t\t\t\t<\/div>\n\t\t\t\t<\/div>\n\t\t<div class=\"elementor-element elementor-element-fe4f03c e-flex e-con-boxed e-con e-parent\" data-id=\"fe4f03c\" data-element_type=\"container\" data-e-type=\"container\">\n\t\t\t\t\t<div class=\"e-con-inner\">\n\t\t\t\t<div class=\"elementor-element elementor-element-909df02 elementor-widget-divider--view-line elementor-widget elementor-widget-divider\" data-id=\"909df02\" data-element_type=\"widget\" data-e-type=\"widget\" data-widget_type=\"divider.default\">\n\t\t\t\t<div class=\"elementor-widget-container\">\n\t\t\t\t\t\t\t<div class=\"elementor-divider\">\n\t\t\t<span class=\"elementor-divider-separator\">\n\t\t\t\t\t\t<\/span>\n\t\t<\/div>\n\t\t\t\t\t\t<\/div>\n\t\t\t\t<\/div>\n\t\t\t\t\t<\/div>\n\t\t\t\t<\/div>\n\t\t<div class=\"elementor-element elementor-element-d4a5641 e-con-full e-flex e-con e-parent\" data-id=\"d4a5641\" data-element_type=\"container\" data-e-type=\"container\">\n\t\t\t\t<div class=\"elementor-element elementor-element-58281ee elementor-widget elementor-widget-text-editor\" data-id=\"58281ee\" data-element_type=\"widget\" data-e-type=\"widget\" data-widget_type=\"text-editor.default\">\n\t\t\t\t<div class=\"elementor-widget-container\">\n\t\t\t\t\t\t\t\t\t<h3 class=\"pagetitle\">Procedura zmiany u\u017cytkownika dzia\u0142ki w ROD\u00a0<\/h3><p>W zwi\u0105zku z licznymi zapytaniami w sprawie zmiany u\u017cytkownika dzia\u0142ki w ROD \u201eBa\u017cant\u201d we Wroc\u0142awiu\u00a0oraz w celu usprawnienia procesu podajemy poni\u017cej wskaz\u00f3wki dotycz\u0105ce tego oraz wzory druk\u00f3w niezb\u0119dnych w tej procedurze.<\/p>\t\t\t\t\t\t\t\t<\/div>\n\t\t\t\t<\/div>\n\t\t\t\t<div class=\"elementor-element elementor-element-f13205e elementor-widget-divider--view-line elementor-widget elementor-widget-divider\" data-id=\"f13205e\" data-element_type=\"widget\" data-e-type=\"widget\" data-widget_type=\"divider.default\">\n\t\t\t\t<div class=\"elementor-widget-container\">\n\t\t\t\t\t\t\t<div class=\"elementor-divider\">\n\t\t\t<span class=\"elementor-divider-separator\">\n\t\t\t\t\t\t<\/span>\n\t\t<\/div>\n\t\t\t\t\t\t<\/div>\n\t\t\t\t<\/div>\n\t\t\t\t<\/div>\n\t\t<div class=\"elementor-element elementor-element-39d3daa e-flex e-con-boxed e-con e-parent\" data-id=\"39d3daa\" data-element_type=\"container\" data-e-type=\"container\">\n\t\t\t\t\t<div class=\"e-con-inner\">\n\t\t\t\t<div class=\"elementor-element elementor-element-f68dbc5 elementor-widget elementor-widget-text-editor\" data-id=\"f68dbc5\" data-element_type=\"widget\" data-e-type=\"widget\" data-widget_type=\"text-editor.default\">\n\t\t\t\t<div class=\"elementor-widget-container\">\n\t\t\t\t\t\t\t\t\t<h3><a href=\"https:\/\/rod-bazant.pl\/wp-content\/uploads\/2024\/04\/P-R-O-C-E-D-U-R-Y-Z-M-I-A-N-Y-U-Z-Y-T-K-O-W-N-I-K-A-D-Z-I-A-L-K-I.docx\" target=\"_blank\" rel=\"noopener\"><span style=\"text-decoration: underline;\"><strong>Procedura zmiany u\u017cytkownika dzia\u0142ki<\/strong><\/span><\/a><\/h3><p>Niezb\u0119dne druki:<\/p><p><a href=\"https:\/\/rod-bazant.pl\/wp-content\/uploads\/2024\/04\/Oswiadczenie-o-wstapieniu-w-prawa-do-ddziaki-po-zmarlym-wspolmalzonku.docx\" target=\"_blank\" rel=\"noopener\">Za\u0142\u0105cznik Nr 1 \u2013 O\u015bwiadczenie o wst\u0105pieniu w prawa do dzia\u0142ki po zmar\u0142ym wsp\u00f3\u0142ma\u0142\u017conku<\/a><\/p><p><a href=\"https:\/\/rod-bazant.pl\/wp-content\/uploads\/2024\/04\/Wzor-deklaracji-czlonkowskiej-2018-2.docx\" target=\"_blank\" rel=\"noopener\">Za\u0142\u0105cznik Nr 2 \u2013 Deklaracja cz\u0142onkowska<\/a><\/p><p><a href=\"https:\/\/rod-bazant.pl\/wp-content\/uploads\/2024\/04\/Wniosek-osoby-bliskiej-o-ustanowienie-prawa-po-zmarym-dzialkowcu.docx\" target=\"_blank\" rel=\"noopener\">Za\u0142\u0105cznik nr 3 \u2013 Wniosek osoby bliskiej o ustanowienie prawa po zmar\u0142ym dzia\u0142kowcu<\/a><\/p><p><a href=\"https:\/\/rod-bazant.pl\/wp-content\/uploads\/2024\/04\/umowa-przeniesienia-prawa-do-dzialki2.docx\" target=\"_blank\" rel=\"noopener\">Za\u0142\u0105cznik Nr 4 \u2013 Umowa przeniesienia praw do dzia\u0142ki<\/a><\/p><p><a href=\"https:\/\/rod-bazant.pl\/wp-content\/uploads\/2024\/04\/wniosek-o-zatwierdzenie-przeniesienia-prawa-do-dzialki.docx\" target=\"_blank\" rel=\"noopener\">Za\u0142\u0105cznik Nr 5 \u2013 Wniosek o zatwierdzenie przeniesienia prawa do dzia\u0142ki<\/a><\/p>\t\t\t\t\t\t\t\t<\/div>\n\t\t\t\t<\/div>\n\t\t\t\t\t<\/div>\n\t\t\t\t<\/div>\n\t\t<div class=\"elementor-element elementor-element-06bd91e e-flex e-con-boxed e-con e-parent\" data-id=\"06bd91e\" data-element_type=\"container\" data-e-type=\"container\">\n\t\t\t\t\t<div class=\"e-con-inner\">\n\t\t\t\t<div class=\"elementor-element elementor-element-4278ced elementor-widget-divider--view-line elementor-widget elementor-widget-divider\" data-id=\"4278ced\" data-element_type=\"widget\" data-e-type=\"widget\" data-widget_type=\"divider.default\">\n\t\t\t\t<div class=\"elementor-widget-container\">\n\t\t\t\t\t\t\t<div class=\"elementor-divider\">\n\t\t\t<span class=\"elementor-divider-separator\">\n\t\t\t\t\t\t<\/span>\n\t\t<\/div>\n\t\t\t\t\t\t<\/div>\n\t\t\t\t<\/div>\n\t\t\t\t\t<\/div>\n\t\t\t\t<\/div>\n\t\t\t\t<\/div>\n\t\t","protected":false},"excerpt":{"rendered":"<p>Procedura zmiany u\u017cytkownika dzia\u0142ki w ROD\u00a0 W zwi\u0105zku z licznymi zapytaniami w sprawie zmiany u\u017cytkownika dzia\u0142ki w ROD \u201eBa\u017cant\u201d we Wroc\u0142awiu\u00a0oraz w celu usprawnienia procesu podajemy poni\u017cej wskaz\u00f3wki dotycz\u0105ce tego oraz wzory druk\u00f3w niezb\u0119dnych w tej procedurze. Procedura zmiany u\u017cytkownika dzia\u0142ki Niezb\u0119dne druki: Za\u0142\u0105cznik Nr 1 \u2013 O\u015bwiadczenie o wst\u0105pieniu w prawa do dzia\u0142ki po zmar\u0142ym wsp\u00f3\u0142ma\u0142\u017conku Za\u0142\u0105cznik Nr 2 \u2013 Deklaracja cz\u0142onkowska Za\u0142\u0105cznik nr 3 \u2013 Wniosek osoby bliskiej o ustanowienie prawa po zmar\u0142ym dzia\u0142kowcu Za\u0142\u0105cznik Nr 4 \u2013&#8230;<\/p>\n<p class=\"read-more\"><a class=\"btn btn-default\" href=\"https:\/\/rod-bazant.pl\/?page_id=1806\"> Read More<span class=\"screen-reader-text\">  Read More<\/span><\/a><\/p>\n","protected":false},"author":4,"featured_media":0,"parent":0,"menu_order":0,"comment_status":"closed","ping_status":"closed","template":"","meta":{"footnotes":""},"class_list":["post-1806","page","type-page","status-publish","hentry"],"_links":{"self":[{"href":"https:\/\/rod-bazant.pl\/index.php?rest_route=\/wp\/v2\/pages\/1806","targetHints":{"allow":["GET"]}}],"collection":[{"href":"https:\/\/rod-bazant.pl\/index.php?rest_route=\/wp\/v2\/pages"}],"about":[{"href":"https:\/\/rod-bazant.pl\/index.php?rest_route=\/wp\/v2\/types\/page"}],"author":[{"embeddable":true,"href":"https:\/\/rod-bazant.pl\/index.php?rest_route=\/wp\/v2\/users\/4"}],"replies":[{"embeddable":true,"href":"https:\/\/rod-bazant.pl\/index.php?rest_route=%2Fwp%2Fv2%2Fcomments&post=1806"}],"version-history":[{"count":12,"href":"https:\/\/rod-bazant.pl\/index.php?rest_route=\/wp\/v2\/pages\/1806\/revisions"}],"predecessor-version":[{"id":1829,"href":"https:\/\/rod-bazant.pl\/index.php?rest_route=\/wp\/v2\/pages\/1806\/revisions\/1829"}],"wp:attachment":[{"href":"https:\/\/rod-bazant.pl\/index.php?rest_route=%2Fwp%2Fv2%2Fmedia&parent=1806"}],"curies":[{"name":"wp","href":"https:\/\/api.w.org\/{rel}","templated":true}]}}