{"id":54,"date":"2016-06-01T14:37:43","date_gmt":"2016-06-01T12:37:43","guid":{"rendered":"https:\/\/rod-bazant.pl\/?page_id=54"},"modified":"2024-03-03T12:56:31","modified_gmt":"2024-03-03T11:56:31","slug":"kontakt","status":"publish","type":"page","link":"https:\/\/rod-bazant.pl\/?page_id=54","title":{"rendered":"KONTAKT"},"content":{"rendered":"<h2 style=\"text-align: center;\"><\/h2>\n<hr \/>\n<h2 style=\"text-align: center;\"><a href=\"https:\/\/rod-bazant.pl\/wp-content\/uploads\/2022\/10\/Logo.jpg\"><img fetchpriority=\"high\" decoding=\"async\" class=\"size-full wp-image-1157 aligncenter\" src=\"https:\/\/rod-bazant.pl\/wp-content\/uploads\/2022\/10\/Logo.jpg\" alt=\"\" width=\"263\" height=\"196\" \/><\/a><\/h2>\n<hr \/>\n<h2 style=\"text-align: center;\"><span style=\"color: #ff0000;\">Dy\u017cury cz\u0142onk\u00f3w zarz\u0105du ROD\u00a0<\/span><\/h2>\n<p>Zach\u0119camy do kontaktu mailowego: pzd.rod.bazant@gmail.com<\/p>\n<p>Zarz\u0105d ROD Ba\u017cant przyjmuje dzia\u0142kowc\u00f3w w terminach podanych na tablicach og\u0142osze\u0144, stronie www, oraz na FB.<\/p>\n<p>W wyj\u0105tkowych przypadkach mo\u017cliwe jest um\u00f3wienie si\u0119 na spotkanie po wcze\u015bniejszym uzgodnieniu telefonicznym\/mailowym.<\/p>\n<p>Telefon do ROD Ba\u017cant: 729 &#8211; 857 &#8211; 615<\/p>\n<p>Zapraszamy.<\/p>\n<p>&nbsp;<\/p>\n<hr \/>\n<p>&nbsp;<\/p>\n","protected":false},"excerpt":{"rendered":"<p>Dy\u017cury cz\u0142onk\u00f3w zarz\u0105du ROD\u00a0 Zach\u0119camy do kontaktu mailowego: pzd.rod.bazant@gmail.com Zarz\u0105d ROD Ba\u017cant przyjmuje dzia\u0142kowc\u00f3w w terminach podanych na tablicach og\u0142osze\u0144, stronie www, oraz na FB. W wyj\u0105tkowych przypadkach mo\u017cliwe jest um\u00f3wienie si\u0119 na spotkanie po wcze\u015bniejszym uzgodnieniu telefonicznym\/mailowym. Telefon do ROD Ba\u017cant: 729 &#8211; 857 &#8211; 615 Zapraszamy. &nbsp; &nbsp;<\/p>\n","protected":false},"author":3,"featured_media":0,"parent":0,"menu_order":0,"comment_status":"closed","ping_status":"closed","template":"","meta":{"footnotes":""},"class_list":["post-54","page","type-page","status-publish","hentry"],"_links":{"self":[{"href":"https:\/\/rod-bazant.pl\/index.php?rest_route=\/wp\/v2\/pages\/54","targetHints":{"allow":["GET"]}}],"collection":[{"href":"https:\/\/rod-bazant.pl\/index.php?rest_route=\/wp\/v2\/pages"}],"about":[{"href":"https:\/\/rod-bazant.pl\/index.php?rest_route=\/wp\/v2\/types\/page"}],"author":[{"embeddable":true,"href":"https:\/\/rod-bazant.pl\/index.php?rest_route=\/wp\/v2\/users\/3"}],"replies":[{"embeddable":true,"href":"https:\/\/rod-bazant.pl\/index.php?rest_route=%2Fwp%2Fv2%2Fcomments&post=54"}],"version-history":[{"count":3,"href":"https:\/\/rod-bazant.pl\/index.php?rest_route=\/wp\/v2\/pages\/54\/revisions"}],"predecessor-version":[{"id":1763,"href":"https:\/\/rod-bazant.pl\/index.php?rest_route=\/wp\/v2\/pages\/54\/revisions\/1763"}],"wp:attachment":[{"href":"https:\/\/rod-bazant.pl\/index.php?rest_route=%2Fwp%2Fv2%2Fmedia&parent=54"}],"curies":[{"name":"wp","href":"https:\/\/api.w.org\/{rel}","templated":true}]}}