{"id":67,"date":"2016-06-03T14:15:54","date_gmt":"2016-06-03T12:15:54","guid":{"rendered":"https:\/\/rod-bazant.pl\/?page_id=67"},"modified":"2024-04-15T12:02:06","modified_gmt":"2024-04-15T10:02:06","slug":"zarzad","status":"publish","type":"page","link":"https:\/\/rod-bazant.pl\/?page_id=67","title":{"rendered":"Zarz\u0105d ROD Ba\u017cant"},"content":{"rendered":"\t\t<div data-elementor-type=\"wp-page\" data-elementor-id=\"67\" class=\"elementor elementor-67\">\n\t\t\t\t\t\t<section class=\"elementor-section elementor-top-section elementor-element elementor-element-nufzkhw elementor-section-boxed elementor-section-height-default elementor-section-height-default\" data-id=\"nufzkhw\" data-element_type=\"section\" data-e-type=\"section\">\n\t\t\t\t\t\t<div class=\"elementor-container elementor-column-gap-default\">\n\t\t\t\t\t<div class=\"elementor-column elementor-col-100 elementor-top-column elementor-element elementor-element-ypbmepl\" data-id=\"ypbmepl\" data-element_type=\"column\" data-e-type=\"column\">\n\t\t\t<div class=\"elementor-widget-wrap elementor-element-populated\">\n\t\t\t\t\t\t<div class=\"elementor-element elementor-element-0c42f6a elementor-widget-divider--view-line elementor-widget elementor-widget-divider\" data-id=\"0c42f6a\" data-element_type=\"widget\" data-e-type=\"widget\" data-widget_type=\"divider.default\">\n\t\t\t\t<div class=\"elementor-widget-container\">\n\t\t\t\t\t\t\t<div class=\"elementor-divider\">\n\t\t\t<span class=\"elementor-divider-separator\">\n\t\t\t\t\t\t<\/span>\n\t\t<\/div>\n\t\t\t\t\t\t<\/div>\n\t\t\t\t<\/div>\n\t\t\t\t\t<\/div>\n\t\t<\/div>\n\t\t\t\t\t<\/div>\n\t\t<\/section>\n\t\t<div class=\"elementor-element elementor-element-07cf758 e-con-full e-flex e-con e-parent\" data-id=\"07cf758\" data-element_type=\"container\" data-e-type=\"container\">\n\t\t\t\t<div class=\"elementor-element elementor-element-92a22ea elementor-widget elementor-widget-image\" data-id=\"92a22ea\" data-element_type=\"widget\" data-e-type=\"widget\" data-widget_type=\"image.default\">\n\t\t\t\t<div class=\"elementor-widget-container\">\n\t\t\t\t\t\t\t\t\t\t\t\t\t\t\t<img fetchpriority=\"high\" decoding=\"async\" width=\"263\" height=\"196\" src=\"https:\/\/rod-bazant.pl\/wp-content\/uploads\/2022\/10\/Logo.jpg\" class=\"attachment-large size-large wp-image-1157\" alt=\"\" \/>\t\t\t\t\t\t\t\t\t\t\t\t\t\t\t<\/div>\n\t\t\t\t<\/div>\n\t\t\t\t<\/div>\n\t\t<div class=\"elementor-element elementor-element-fce0bc2 e-con-full e-flex e-con e-parent\" data-id=\"fce0bc2\" data-element_type=\"container\" data-e-type=\"container\">\n\t\t\t\t<div class=\"elementor-element elementor-element-326769f elementor-widget elementor-widget-text-editor\" data-id=\"326769f\" data-element_type=\"widget\" data-e-type=\"widget\" data-widget_type=\"text-editor.default\">\n\t\t\t\t<div class=\"elementor-widget-container\">\n\t\t\t\t\t\t\t\t\t<h6>ROD BA\u017bANT korzysta z:<\/h6><h6>Program Operacyjny Infrastruktura i \u015arodowisko na lata 2014-2020 O\u015b priorytetowa II \u2013 Ochrona \u015arodowiska, w tym adaptacja do zmian klimatu Dzia\u0142anie: 2.5 Poprawa jako\u015bci \u015brodowiska miejskiego Typ projekt\u00f3w 2 Rozw\u00f3j teren\u00f3w zieleni w miastach i ich obszarach funkcjonalnych, Tytu\u0142 projektu: Rozw\u00f3j zielonej infrastruktury poprzez wsparcie ogrod\u00f3w dzia\u0142kowych<\/h6>\t\t\t\t\t\t\t\t<\/div>\n\t\t\t\t<\/div>\n\t\t\t\t<\/div>\n\t\t<div class=\"elementor-element elementor-element-e562ccb e-flex e-con-boxed e-con e-parent\" data-id=\"e562ccb\" data-element_type=\"container\" data-e-type=\"container\">\n\t\t\t\t\t<div class=\"e-con-inner\">\n\t\t\t\t<div class=\"elementor-element elementor-element-0dfa94b elementor-widget elementor-widget-image\" data-id=\"0dfa94b\" data-element_type=\"widget\" data-e-type=\"widget\" data-widget_type=\"image.default\">\n\t\t\t\t<div class=\"elementor-widget-container\">\n\t\t\t\t\t\t\t\t\t\t\t\t\t\t\t<img decoding=\"async\" width=\"640\" height=\"54\" src=\"https:\/\/rod-bazant.pl\/wp-content\/uploads\/2022\/10\/75de4d08-1b97-43fd-b676-8eb3dd98e8bc-1024x86.png\" class=\"attachment-large size-large wp-image-1209\" alt=\"\" srcset=\"https:\/\/rod-bazant.pl\/wp-content\/uploads\/2022\/10\/75de4d08-1b97-43fd-b676-8eb3dd98e8bc-1024x86.png 1024w, https:\/\/rod-bazant.pl\/wp-content\/uploads\/2022\/10\/75de4d08-1b97-43fd-b676-8eb3dd98e8bc-300x25.png 300w, https:\/\/rod-bazant.pl\/wp-content\/uploads\/2022\/10\/75de4d08-1b97-43fd-b676-8eb3dd98e8bc-768x64.png 768w, https:\/\/rod-bazant.pl\/wp-content\/uploads\/2022\/10\/75de4d08-1b97-43fd-b676-8eb3dd98e8bc-1536x128.png 1536w, https:\/\/rod-bazant.pl\/wp-content\/uploads\/2022\/10\/75de4d08-1b97-43fd-b676-8eb3dd98e8bc-2048x171.png 2048w, https:\/\/rod-bazant.pl\/wp-content\/uploads\/2022\/10\/75de4d08-1b97-43fd-b676-8eb3dd98e8bc-604x51.png 604w\" sizes=\"(max-width: 640px) 100vw, 640px\" \/>\t\t\t\t\t\t\t\t\t\t\t\t\t\t\t<\/div>\n\t\t\t\t<\/div>\n\t\t\t\t\t<\/div>\n\t\t\t\t<\/div>\n\t\t<div class=\"elementor-element elementor-element-42419a1 e-flex e-con-boxed e-con e-parent\" data-id=\"42419a1\" data-element_type=\"container\" data-e-type=\"container\">\n\t\t\t\t\t<div class=\"e-con-inner\">\n\t\t\t\t<div class=\"elementor-element elementor-element-959faed elementor-widget-divider--view-line elementor-widget elementor-widget-divider\" data-id=\"959faed\" data-element_type=\"widget\" data-e-type=\"widget\" data-widget_type=\"divider.default\">\n\t\t\t\t<div class=\"elementor-widget-container\">\n\t\t\t\t\t\t\t<div class=\"elementor-divider\">\n\t\t\t<span class=\"elementor-divider-separator\">\n\t\t\t\t\t\t<\/span>\n\t\t<\/div>\n\t\t\t\t\t\t<\/div>\n\t\t\t\t<\/div>\n\t\t\t\t\t<\/div>\n\t\t\t\t<\/div>\n\t\t<div class=\"elementor-element elementor-element-20a563a e-con-full e-flex e-con e-parent\" data-id=\"20a563a\" data-element_type=\"container\" data-e-type=\"container\">\n\t\t\t\t<div class=\"elementor-element elementor-element-e7ab43b elementor-widget elementor-widget-text-editor\" data-id=\"e7ab43b\" data-element_type=\"widget\" data-e-type=\"widget\" data-widget_type=\"text-editor.default\">\n\t\t\t\t<div class=\"elementor-widget-container\">\n\t\t\t\t\t\t\t\t\t<p>Prezes Zarz\u0105du ROD Ba\u017cant &#8211; ZBIGNIEW PAW\u0141OWSKI<\/p><p>Wiceprezes Zarz\u0105du ROD Ba\u017cant &#8211; JADWIGA WALA<\/p><p>Skarbnik Zarz\u0105du ROD Ba\u017cant &#8211; DANIEL \u0141YSZCZARZ<\/p><p>Sekretarz Zarz\u0105du ROD Ba\u017cant &#8211; MICHA\u0141 CZAJKA<\/p><p>Cz\u0142onek Zarz\u0105du ROD Ba\u017cant &#8211; KATARZYNA LIBURA<\/p>\t\t\t\t\t\t\t\t<\/div>\n\t\t\t\t<\/div>\n\t\t\t\t<\/div>\n\t\t\t\t<\/div>\n\t\t","protected":false},"excerpt":{"rendered":"<p>ROD BA\u017bANT korzysta z: Program Operacyjny Infrastruktura i \u015arodowisko na lata 2014-2020 O\u015b priorytetowa II \u2013 Ochrona \u015arodowiska, w tym adaptacja do zmian klimatu Dzia\u0142anie: 2.5 Poprawa jako\u015bci \u015brodowiska miejskiego Typ projekt\u00f3w 2 Rozw\u00f3j teren\u00f3w zieleni w miastach i ich obszarach funkcjonalnych, Tytu\u0142 projektu: Rozw\u00f3j zielonej infrastruktury poprzez wsparcie ogrod\u00f3w dzia\u0142kowych Prezes Zarz\u0105du ROD Ba\u017cant &#8211; ZBIGNIEW PAW\u0141OWSKI Wiceprezes Zarz\u0105du ROD Ba\u017cant &#8211; JADWIGA WALA Skarbnik Zarz\u0105du ROD Ba\u017cant &#8211; DANIEL \u0141YSZCZARZ Sekretarz Zarz\u0105du ROD Ba\u017cant &#8211; MICHA\u0141 CZAJKA Cz\u0142onek&#8230;<\/p>\n<p class=\"read-more\"><a class=\"btn btn-default\" href=\"https:\/\/rod-bazant.pl\/?page_id=67\"> Read More<span class=\"screen-reader-text\">  Read More<\/span><\/a><\/p>\n","protected":false},"author":3,"featured_media":0,"parent":0,"menu_order":0,"comment_status":"closed","ping_status":"closed","template":"","meta":{"footnotes":""},"class_list":["post-67","page","type-page","status-publish","hentry"],"_links":{"self":[{"href":"https:\/\/rod-bazant.pl\/index.php?rest_route=\/wp\/v2\/pages\/67","targetHints":{"allow":["GET"]}}],"collection":[{"href":"https:\/\/rod-bazant.pl\/index.php?rest_route=\/wp\/v2\/pages"}],"about":[{"href":"https:\/\/rod-bazant.pl\/index.php?rest_route=\/wp\/v2\/types\/page"}],"author":[{"embeddable":true,"href":"https:\/\/rod-bazant.pl\/index.php?rest_route=\/wp\/v2\/users\/3"}],"replies":[{"embeddable":true,"href":"https:\/\/rod-bazant.pl\/index.php?rest_route=%2Fwp%2Fv2%2Fcomments&post=67"}],"version-history":[{"count":7,"href":"https:\/\/rod-bazant.pl\/index.php?rest_route=\/wp\/v2\/pages\/67\/revisions"}],"predecessor-version":[{"id":1793,"href":"https:\/\/rod-bazant.pl\/index.php?rest_route=\/wp\/v2\/pages\/67\/revisions\/1793"}],"wp:attachment":[{"href":"https:\/\/rod-bazant.pl\/index.php?rest_route=%2Fwp%2Fv2%2Fmedia&parent=67"}],"curies":[{"name":"wp","href":"https:\/\/api.w.org\/{rel}","templated":true}]}}