{"id":70,"date":"2016-06-03T14:18:23","date_gmt":"2016-06-03T12:18:23","guid":{"rendered":"https:\/\/rod-bazant.pl\/?page_id=70"},"modified":"2024-04-15T12:04:59","modified_gmt":"2024-04-15T10:04:59","slug":"komisja-rewizyjna","status":"publish","type":"page","link":"https:\/\/rod-bazant.pl\/?page_id=70","title":{"rendered":"Komisja Rewizyjna"},"content":{"rendered":"<hr \/>\n<h3><a href=\"https:\/\/rod-bazant.pl\/wp-content\/uploads\/2022\/10\/Logo.jpg\"><img fetchpriority=\"high\" decoding=\"async\" class=\"size-full wp-image-1157 aligncenter\" src=\"https:\/\/rod-bazant.pl\/wp-content\/uploads\/2022\/10\/Logo.jpg\" alt=\"\" width=\"263\" height=\"196\" \/><\/a><\/h3>\n<hr \/>\n<table style=\"height: 128px;\" width=\"513\">\n<tbody>\n<tr>\n<td width=\"72\"><strong>Lp.<\/strong><\/td>\n<td width=\"134\"><strong>Nazwisko i imi\u0119<\/strong><\/td>\n<td width=\"153\"><strong>Funkcja<\/strong><\/td>\n<\/tr>\n<tr>\n<td width=\"72\">\u00a01.<\/td>\n<td width=\"134\">KR\u00d3L PAWE\u0141<\/td>\n<td width=\"153\">&#8211; przewodnicz\u0105cy<\/td>\n<\/tr>\n<tr>\n<td width=\"72\">2.<\/td>\n<td width=\"134\">MA\u0141Y RADOS\u0141AW<\/td>\n<td width=\"153\"><\/td>\n<\/tr>\n<tr>\n<td width=\"72\">3.<\/td>\n<td width=\"134\">KUCI\u0143SKA ANGELIKA<\/td>\n<td width=\"153\"><\/td>\n<\/tr>\n<\/tbody>\n<\/table>\n<p style=\"text-align: center;\">Informujemy, \u017ce odby\u0142o si\u0119 badanie dokument\u00f3w z realizacji dzia\u0142a\u0144 zarz\u0105du<br \/>\noraz dokumentacji finansowej za rok &#8230;&#8230;&#8230;&#8230;.r przez Komisj\u0119 Rewizyjn\u0105 ROD BA\u017bANT.<\/p>\n<p>&nbsp;<\/p>\n","protected":false},"excerpt":{"rendered":"<p>Lp. Nazwisko i imi\u0119 Funkcja \u00a01. KR\u00d3L PAWE\u0141 &#8211; przewodnicz\u0105cy 2. MA\u0141Y RADOS\u0141AW 3. KUCI\u0143SKA ANGELIKA Informujemy, \u017ce odby\u0142o si\u0119 badanie dokument\u00f3w z realizacji dzia\u0142a\u0144 zarz\u0105du oraz dokumentacji finansowej za rok &#8230;&#8230;&#8230;&#8230;.r przez Komisj\u0119 Rewizyjn\u0105 ROD BA\u017bANT. &nbsp;<\/p>\n","protected":false},"author":3,"featured_media":0,"parent":0,"menu_order":0,"comment_status":"closed","ping_status":"closed","template":"","meta":{"footnotes":""},"class_list":["post-70","page","type-page","status-publish","hentry"],"_links":{"self":[{"href":"https:\/\/rod-bazant.pl\/index.php?rest_route=\/wp\/v2\/pages\/70","targetHints":{"allow":["GET"]}}],"collection":[{"href":"https:\/\/rod-bazant.pl\/index.php?rest_route=\/wp\/v2\/pages"}],"about":[{"href":"https:\/\/rod-bazant.pl\/index.php?rest_route=\/wp\/v2\/types\/page"}],"author":[{"embeddable":true,"href":"https:\/\/rod-bazant.pl\/index.php?rest_route=\/wp\/v2\/users\/3"}],"replies":[{"embeddable":true,"href":"https:\/\/rod-bazant.pl\/index.php?rest_route=%2Fwp%2Fv2%2Fcomments&post=70"}],"version-history":[{"count":2,"href":"https:\/\/rod-bazant.pl\/index.php?rest_route=\/wp\/v2\/pages\/70\/revisions"}],"predecessor-version":[{"id":1795,"href":"https:\/\/rod-bazant.pl\/index.php?rest_route=\/wp\/v2\/pages\/70\/revisions\/1795"}],"wp:attachment":[{"href":"https:\/\/rod-bazant.pl\/index.php?rest_route=%2Fwp%2Fv2%2Fmedia&parent=70"}],"curies":[{"name":"wp","href":"https:\/\/api.w.org\/{rel}","templated":true}]}}