{"id":78,"date":"2016-06-03T14:23:55","date_gmt":"2016-06-03T12:23:55","guid":{"rendered":"https:\/\/rod-bazant.pl\/?page_id=78"},"modified":"2022-09-27T21:07:37","modified_gmt":"2022-09-27T19:07:37","slug":"zostan-czlonkiem","status":"publish","type":"page","link":"https:\/\/rod-bazant.pl\/?page_id=78","title":{"rendered":"DO\u0141\u0104CZ DO NAS"},"content":{"rendered":"<h3><img decoding=\"async\" class=\"wp-image-275 size-medium aligncenter\" src=\"https:\/\/rod-bazant.pl\/wp-content\/uploads\/2016\/06\/cutbazant-4ABcut-300x166.png\" alt=\"cutbazant-4ABcut\" width=\"300\" height=\"166\" srcset=\"https:\/\/rod-bazant.pl\/wp-content\/uploads\/2016\/06\/cutbazant-4ABcut-300x166.png 300w, https:\/\/rod-bazant.pl\/wp-content\/uploads\/2016\/06\/cutbazant-4ABcut-768x424.png 768w, https:\/\/rod-bazant.pl\/wp-content\/uploads\/2016\/06\/cutbazant-4ABcut-1024x565.png 1024w, https:\/\/rod-bazant.pl\/wp-content\/uploads\/2016\/06\/cutbazant-4ABcut-489x270.png 489w, https:\/\/rod-bazant.pl\/wp-content\/uploads\/2016\/06\/cutbazant-4ABcut-1038x576.png 1038w\" sizes=\"(max-width: 300px) 100vw, 300px\" \/><\/h3>\n<p>ROD Ba\u017cant we Wroc\u0142awiu posiada wolne dzia\u0142ki do zagospodarowania.<\/p>\n<ul>\n<li>Dzia\u0142ki o pow. od 300 m2 .<\/li>\n<li>Ilo\u015b\u0107 dzia\u0142ek wolnych &#8211; brak<\/li>\n<li>Dla ka\u017cdego dzia\u0142kowca darmowe broszurki informacyjne !<\/li>\n<\/ul>\n<p><a href=\"https:\/\/rod-bazant.pl\/dolacz-do-nas\/porady-prawne\/statut-pzd\/\">Regulamin<\/a> o raz <a href=\"https:\/\/rod-bazant.pl\/statut-pzd\/\">statut dzia\u0142kowca<\/a>.<\/p>\n<p><img fetchpriority=\"high\" decoding=\"async\" class=\"aligncenter wp-image-232 size-full\" src=\"https:\/\/rod-bazant.pl\/wp-content\/uploads\/2016\/07\/Poradnik-Dzia\u0142kowca-Ksi\u0105\u017ceczki.jpg\" alt=\"Poradnik Dzia\u0142kowca -Ksi\u0105\u017ceczki\" width=\"986\" height=\"521\" srcset=\"https:\/\/rod-bazant.pl\/wp-content\/uploads\/2016\/07\/Poradnik-Dzia\u0142kowca-Ksi\u0105\u017ceczki.jpg 986w, https:\/\/rod-bazant.pl\/wp-content\/uploads\/2016\/07\/Poradnik-Dzia\u0142kowca-Ksi\u0105\u017ceczki-300x159.jpg 300w, https:\/\/rod-bazant.pl\/wp-content\/uploads\/2016\/07\/Poradnik-Dzia\u0142kowca-Ksi\u0105\u017ceczki-768x406.jpg 768w, https:\/\/rod-bazant.pl\/wp-content\/uploads\/2016\/07\/Poradnik-Dzia\u0142kowca-Ksi\u0105\u017ceczki-511x270.jpg 511w\" sizes=\"(max-width: 986px) 100vw, 986px\" \/><\/p>\n<p>&nbsp;<\/p>\n<p>Zobacz r\u00f3wnie\u017c: <a href=\"https:\/\/rod-bazant.pl\/zostan-czlonkiem\/poradnik-dzialkowca\/\">Poradnik Dzia\u0142kowca<\/a><\/p>\n<p>&nbsp;<\/p>\n<p>Przyk\u0142adowe dzia\u0142ki do zagospodarowania<\/p>\n<p><img decoding=\"async\" class=\"aligncenter wp-image-225 size-full\" src=\"https:\/\/rod-bazant.pl\/wp-content\/uploads\/2016\/07\/Dzia\u0142ki-do-zagospodarowania-1A.jpg\" alt=\"Dzia\u0142ki do zagospodarowania 1A\" width=\"964\" height=\"693\" srcset=\"https:\/\/rod-bazant.pl\/wp-content\/uploads\/2016\/07\/Dzia\u0142ki-do-zagospodarowania-1A.jpg 964w, https:\/\/rod-bazant.pl\/wp-content\/uploads\/2016\/07\/Dzia\u0142ki-do-zagospodarowania-1A-300x216.jpg 300w, https:\/\/rod-bazant.pl\/wp-content\/uploads\/2016\/07\/Dzia\u0142ki-do-zagospodarowania-1A-768x552.jpg 768w, https:\/\/rod-bazant.pl\/wp-content\/uploads\/2016\/07\/Dzia\u0142ki-do-zagospodarowania-1A-376x270.jpg 376w\" sizes=\"(max-width: 964px) 100vw, 964px\" \/> <img loading=\"lazy\" decoding=\"async\" class=\"aligncenter wp-image-224 size-full\" src=\"https:\/\/rod-bazant.pl\/wp-content\/uploads\/2016\/07\/Dzia\u0142ki-do-zagospodarowania-2A.jpg\" alt=\"Dzia\u0142ki do zagospodarowania 2A\" width=\"983\" height=\"494\" srcset=\"https:\/\/rod-bazant.pl\/wp-content\/uploads\/2016\/07\/Dzia\u0142ki-do-zagospodarowania-2A.jpg 983w, https:\/\/rod-bazant.pl\/wp-content\/uploads\/2016\/07\/Dzia\u0142ki-do-zagospodarowania-2A-300x151.jpg 300w, https:\/\/rod-bazant.pl\/wp-content\/uploads\/2016\/07\/Dzia\u0142ki-do-zagospodarowania-2A-768x386.jpg 768w, https:\/\/rod-bazant.pl\/wp-content\/uploads\/2016\/07\/Dzia\u0142ki-do-zagospodarowania-2A-537x270.jpg 537w\" sizes=\"(max-width: 983px) 100vw, 983px\" \/> <img loading=\"lazy\" decoding=\"async\" class=\"aligncenter wp-image-223 size-full\" src=\"https:\/\/rod-bazant.pl\/wp-content\/uploads\/2016\/07\/Dzia\u0142ki-do-zagospodarowania3A.jpg\" alt=\"Dzia\u0142ki do zagospodarowania3A\" width=\"990\" height=\"542\" srcset=\"https:\/\/rod-bazant.pl\/wp-content\/uploads\/2016\/07\/Dzia\u0142ki-do-zagospodarowania3A.jpg 990w, https:\/\/rod-bazant.pl\/wp-content\/uploads\/2016\/07\/Dzia\u0142ki-do-zagospodarowania3A-300x164.jpg 300w, https:\/\/rod-bazant.pl\/wp-content\/uploads\/2016\/07\/Dzia\u0142ki-do-zagospodarowania3A-768x420.jpg 768w, https:\/\/rod-bazant.pl\/wp-content\/uploads\/2016\/07\/Dzia\u0142ki-do-zagospodarowania3A-493x270.jpg 493w\" sizes=\"(max-width: 990px) 100vw, 990px\" \/><\/p>\n<p>&nbsp;<\/p>\n<p>&nbsp;<\/p>\n<p>&nbsp;<\/p>\n<p>&nbsp;<\/p>\n<p>&nbsp;<\/p>\n<p>&nbsp;<\/p>\n","protected":false},"excerpt":{"rendered":"<p>ROD Ba\u017cant we Wroc\u0142awiu posiada wolne dzia\u0142ki do zagospodarowania. Dzia\u0142ki o pow. od 300 m2 . Ilo\u015b\u0107 dzia\u0142ek wolnych &#8211; brak Dla ka\u017cdego dzia\u0142kowca darmowe broszurki informacyjne ! Regulamin o raz statut dzia\u0142kowca. &nbsp; Zobacz r\u00f3wnie\u017c: Poradnik Dzia\u0142kowca &nbsp; Przyk\u0142adowe dzia\u0142ki do zagospodarowania &nbsp; &nbsp; &nbsp; &nbsp; &nbsp; &nbsp;<\/p>\n","protected":false},"author":3,"featured_media":0,"parent":0,"menu_order":0,"comment_status":"closed","ping_status":"closed","template":"","meta":{"footnotes":""},"class_list":["post-78","page","type-page","status-publish","hentry"],"_links":{"self":[{"href":"https:\/\/rod-bazant.pl\/index.php?rest_route=\/wp\/v2\/pages\/78","targetHints":{"allow":["GET"]}}],"collection":[{"href":"https:\/\/rod-bazant.pl\/index.php?rest_route=\/wp\/v2\/pages"}],"about":[{"href":"https:\/\/rod-bazant.pl\/index.php?rest_route=\/wp\/v2\/types\/page"}],"author":[{"embeddable":true,"href":"https:\/\/rod-bazant.pl\/index.php?rest_route=\/wp\/v2\/users\/3"}],"replies":[{"embeddable":true,"href":"https:\/\/rod-bazant.pl\/index.php?rest_route=%2Fwp%2Fv2%2Fcomments&post=78"}],"version-history":[{"count":0,"href":"https:\/\/rod-bazant.pl\/index.php?rest_route=\/wp\/v2\/pages\/78\/revisions"}],"wp:attachment":[{"href":"https:\/\/rod-bazant.pl\/index.php?rest_route=%2Fwp%2Fv2%2Fmedia&parent=78"}],"curies":[{"name":"wp","href":"https:\/\/api.w.org\/{rel}","templated":true}]}}